{"id":72,"date":"2025-01-19T09:15:27","date_gmt":"2025-01-19T09:15:27","guid":{"rendered":"https:\/\/mitbyggeri.dk\/?page_id=72"},"modified":"2025-01-19T11:33:35","modified_gmt":"2025-01-19T11:33:35","slug":"hvordan-virker-det","status":"publish","type":"page","link":"https:\/\/mitbyggeri.dk\/?page_id=72","title":{"rendered":"Hvordan virker det?"},"content":{"rendered":"\n<figure class=\"wp-block-image size-full is-resized\"><img loading=\"lazy\" decoding=\"async\" width=\"96\" height=\"96\" src=\"https:\/\/mitbyggeri.dk\/wp-content\/uploads\/2025\/01\/Hus-ikon.jpg\" alt=\"\" class=\"wp-image-147\" style=\"width:40px\"\/><\/figure>\n\n\n\n<p>I f\u00e5r jeres egen Firma App og kundelogin system via jeres hjemmeside, og alle platformens faser og funktioner tilpasses jeres kundeforl\u00f8b<\/p>\n\n\n\n<figure class=\"wp-block-image size-full is-resized\"><img loading=\"lazy\" decoding=\"async\" width=\"96\" height=\"96\" src=\"https:\/\/mitbyggeri.dk\/wp-content\/uploads\/2025\/01\/Blyant-ikon.jpg\" alt=\"\" class=\"wp-image-148\" style=\"width:40px\"\/><\/figure>\n\n\n\n<p>Interesserede byggekunder f\u00e5r her adgang til inspirations sider og mulighed for deling af id\u00e9er, skitser og billeder&nbsp;<\/p>\n\n\n\n<figure class=\"wp-block-image size-full is-resized\"><img loading=\"lazy\" decoding=\"async\" width=\"96\" height=\"96\" src=\"https:\/\/mitbyggeri.dk\/wp-content\/uploads\/2025\/01\/Papri-ikon.jpg\" alt=\"\" class=\"wp-image-149\" style=\"width:40px\"\/><\/figure>\n\n\n\n<p>N\u00e5r byggekunden har skrevet kontrakt uploades alle dokumenter til platformen og fremdriften f\u00f8lges med simpel fase opdatering<\/p>\n\n\n\n<figure class=\"wp-block-image size-full is-resized\"><img loading=\"lazy\" decoding=\"async\" width=\"96\" height=\"96\" src=\"https:\/\/mitbyggeri.dk\/wp-content\/uploads\/2025\/01\/Paere-ikon.jpg\" alt=\"\" class=\"wp-image-150\" style=\"width:40px\"\/><\/figure>\n\n\n\n<p>Jeres byggekunder modtager automatisk notifikationer, n\u00e5r der er nye dokumenter eller opdateringer fra byggeriet<\/p>\n\n\n\n<hr class=\"wp-block-separator has-alpha-channel-opacity\"\/>\n\n\n\n<p class=\"has-text-align-center\"><strong>Hvad opn\u00e5s med Mitbyggeri?<\/strong><\/p>\n\n\n\n<p><\/p>\n\n\n\n<ol class=\"wp-block-list\">\n<li><strong>Mere effektiv kommunikation&nbsp;<\/strong><br>med tilg\u00e6ngelig, opdateret materiale for kunder og samarbejdspartnere<\/li>\n\n\n\n<li><strong>Mere tilfredse kunder<\/strong>, <br>der oplever at blive involveret og orienteret l\u00f8bende<\/li>\n\n\n\n<li><strong>Bedre forretning&nbsp;<\/strong><br>med f\u00e6rre misforst\u00e5elser, genbes\u00f8g og reparationer<\/li>\n<\/ol>\n\n\n\n<hr class=\"wp-block-separator has-alpha-channel-opacity\"\/>\n\n\n\n<p class=\"has-text-align-center\"><\/p>\n\n\n\n<div class=\"wp-block-buttons is-content-justification-left is-layout-flex wp-container-core-buttons-is-layout-fc4fd283 wp-block-buttons-is-layout-flex\">\n<div class=\"wp-block-button has-custom-font-size has-medium-font-size\"><a class=\"wp-block-button__link has-accent-background-color has-background has-text-align-left wp-element-button\" href=\"https:\/\/mitbyggeri.dk\/?page_id=74\">Pr\u00f8v en DEMO ADGANG<\/a><\/div>\n<\/div>\n\n\n\n<p class=\"has-text-align-right\"><\/p>\n","protected":false},"excerpt":{"rendered":"<p>I f\u00e5r jeres egen Firma App og kundelogin system via jeres hjemmeside, og alle platformens faser og funktioner tilpasses jeres kundeforl\u00f8b Interesserede byggekunder f\u00e5r her adgang til inspirations sider og mulighed for deling af id\u00e9er, skitser og billeder&nbsp; N\u00e5r byggekunden har skrevet kontrakt uploades alle dokumenter til platformen og fremdriften [&hellip;]<\/p>\n","protected":false},"author":1,"featured_media":0,"parent":0,"menu_order":0,"comment_status":"closed","ping_status":"closed","template":"","meta":{"footnotes":""},"class_list":["post-72","page","type-page","status-publish","hentry"],"_links":{"self":[{"href":"https:\/\/mitbyggeri.dk\/index.php?rest_route=\/wp\/v2\/pages\/72","targetHints":{"allow":["GET"]}}],"collection":[{"href":"https:\/\/mitbyggeri.dk\/index.php?rest_route=\/wp\/v2\/pages"}],"about":[{"href":"https:\/\/mitbyggeri.dk\/index.php?rest_route=\/wp\/v2\/types\/page"}],"author":[{"embeddable":true,"href":"https:\/\/mitbyggeri.dk\/index.php?rest_route=\/wp\/v2\/users\/1"}],"replies":[{"embeddable":true,"href":"https:\/\/mitbyggeri.dk\/index.php?rest_route=%2Fwp%2Fv2%2Fcomments&post=72"}],"version-history":[{"count":10,"href":"https:\/\/mitbyggeri.dk\/index.php?rest_route=\/wp\/v2\/pages\/72\/revisions"}],"predecessor-version":[{"id":160,"href":"https:\/\/mitbyggeri.dk\/index.php?rest_route=\/wp\/v2\/pages\/72\/revisions\/160"}],"wp:attachment":[{"href":"https:\/\/mitbyggeri.dk\/index.php?rest_route=%2Fwp%2Fv2%2Fmedia&parent=72"}],"curies":[{"name":"wp","href":"https:\/\/api.w.org\/{rel}","templated":true}]}}